{"id":19331,"date":"2023-01-19T10:41:02","date_gmt":"2023-01-19T10:41:02","guid":{"rendered":"https:\/\/arta-immobilien.com\/?page_id=19331"},"modified":"2023-02-07T12:23:49","modified_gmt":"2023-02-07T12:23:49","slug":"aviso-legal","status":"publish","type":"page","link":"https:\/\/arta-immobilien.com\/de\/aviso-legal\/","title":{"rendered":"Impressum"},"content":{"rendered":"<p><strong>Artaimmobilien Gestions Esmetro S.L.<\/strong><\/p>\n<p>C\/ Ciutat, 44 &#8211; Local n\u00ba 2<br \/>\n07570 Art\u00e0<br \/>\nIlles Balears<\/p>\n<p>Persona de contacto:<br \/>\nTel.: +34 971 829 731<\/p>\n<p>&nbsp;<\/p>\n<h4>Aviso legal<\/h4>\n<p><strong>CONDICIONES DE USO<\/strong><br \/>\nEn cumplimiento de la Ley 34\/2002, de 11 de julio, de servicios de la sociedad de la informaci\u00f3n y de comercio electr\u00f3nico, Esperanza Mercadal Trobat en representaci\u00f3n de Artaimmobilien Gestions Esmetro SL, le informa de que es titular de la website WWW.ARTAIMMOBILIEN.COM De acuerdo con la exigencia del art\u00edculo 10 de la citada Ley, Esperanza Mercadal Trobat informa de los siguientes datos: El titular de esta p\u00e1gina web es Artaimmobilien Gestions Esmetro SL con CIF B72651243 y en su representaci\u00f3n do\u00f1a Esperanza Mercadal Trobat, con NIF 42996135G y domicilio social en C\/Ciutat, 44, local 2, Art\u00e1, Illes Balears. La direcci\u00f3n de correo electr\u00f3nico de contacto con la empresa es info@artaimmobilien.com.<\/p>\n<p><strong>USUARIO Y R\u00c9GIMEN DE RESPONSABILIDADES<\/strong><br \/>\nLa navegaci\u00f3n, acceso y uso por el web confiere la condici\u00f3n de usuario, por la que se aceptan, desde la navegaci\u00f3n por las p\u00e1ginas de ARTAIMMOBILIEN, todas las condiciones de uso aqu\u00ed establecidas sin perjuicio de la aplicaci\u00f3n de la correspondiente normativa de obligado cumplimiento legal seg\u00fan el caso. Las p\u00e1ginas web de ARTAIMMOBILIEN proporcionan gran diversidad de informaci\u00f3n, servicios y datos. El usuario asume su responsabilidad en el uso correcto de la web. Esta responsabilidad se extender\u00e1 a: La veracidad y licitud de las informaciones aportadas por el usuario en los formularios extendidos por ARTAIMMOBILIEN para el acceso a ciertos contenidos o servicios ofrecidos por las webs. El uso de la informaci\u00f3n, servicios y datos ofrecidos por ARTAIMMOBILIEN contrariamente a lo dispuesto por las presentes condiciones, la Ley, la moral, las buenas costumbres o el orden p\u00fablico, o que de cualquier otro modo puedan suponer lesi\u00f3n de los derechos de terceros o del mismo funcionamiento de la web<\/p>\n<p><strong>POL\u00cdTICA DE ENLACES Y EXENCIONES DE RESPONSABILIDAD<\/strong><br \/>\nARTAIMMOBILIEN no se hace responsable del contenido de las p\u00e1ginas web a las que el usuario pueda acceder a trav\u00e9s de los enlaces establecidos en su web y declara que en ning\u00fan caso proceder\u00e1 a examinar o ejercitar ning\u00fan tipo de control sobre el contenido de otras p\u00e1ginas de la red. Asimismo, tampoco garantizar\u00e1 la disponibilidad t\u00e9cnica, exactitud, veracidad, validez o legalidad de p\u00e1ginas ajenas a su propiedad a las que se pueda acceder por medio de los enlaces. ARTAIMMOBILIEN\u00a0\u00a0declara haber adoptado todas las medidas necesarias para evitar cualesquiera da\u00f1os que, a los usuarios de su web, pudieran derivarse de la navegaci\u00f3n por sus p\u00e1ginas web. En consecuencia, ARTAIMMOBILIEN\u00a0\u00a0no se hace responsable, en ning\u00fan caso, de los eventuales da\u00f1os que por la navegaci\u00f3n por Internet pudiera sufrir el usuario.<\/p>\n<p><strong>MODIFICACIONES<\/strong><br \/>\nARTAIMMOBILIEN\u00a0\u00a0se reserva el derecho a realizar las modificaciones que considere oportunas, sin aviso previo, en el contenido de su web. Tanto en lo referente a los contenidos de la web, como en las condiciones de uso de la misma o en las condiciones generales de contrataci\u00f3n. Dichas modificaciones podr\u00e1n realizarse, a trav\u00e9s de su web, de cualquier forma admisible en derecho y ser\u00e1n de obligado cumplimiento durante el tiempo en que se encuentren publicadas en la web y hasta que no sean modificadas v\u00e1lidamente por otras posteriores.<\/p>\n<p><strong>RESERVA DE COOKIES<\/strong><br \/>\nARTAIMMOBILIEN se reserva el derecho de utilizar cookies en la navegaci\u00f3n del usuario por su web para facilitar la personalizaci\u00f3n y comodidad de la navegaci\u00f3n, sin embargo, informa que, por el momento, para el acceso a la web de ARTAIMMOBILIEN no ser\u00e1 necesario la activaci\u00f3n de dichas cookies. Este sitio web utiliza cookies de terceros y de an\u00e1lisis para recopilar informaci\u00f3n con la finalidad de mejorar nuestros servicios. El usuario tiene la posibilidad de configurar su navegador de modo que se le informe de la recepci\u00f3n de cookies, pudiendo, si as\u00ed lo desea, impedir que sean instaladas en su disco duro.<\/p>\n<p><strong>PROTECCI\u00d3N DE DATOS<br \/>\n<\/strong>De conformidad con lo que establece la Ley Org\u00e1nica 15\/1999 de Protecci\u00f3n de Datos de Car\u00e1cter Personal, ARTAIMMOBILIEN\u00a0\u00a0informa a los usuarios de su web de que los datos personales recabados por la empresa mediante los formularios sitos en sus p\u00e1ginas, ser\u00e1n introducidos en un fichero automatizado bajo la responsabilidad de ARTAIMMOBILIEN , con la finalidad de poder facilitar, agilizar y cumplir los compromisos establecidos entre ambas partes. As\u00ed mismo, ARTAIMMOBILIEN\u00a0\u00a0informa de la posibilidad de ejercer los derechos de acceso, cancelaci\u00f3n, rectificaci\u00f3n y oposici\u00f3n mediante un escrito a la direcci\u00f3n ARTAIMMOBILIEN C\/CIUTAT, 44, LOCAL 2, 07570, ARTA (ILLES BALEARS). Mientras no nos comunique lo contrario, entenderemos que sus datos no han sido modificados, que usted se compromete a notificarnos cualquier variaci\u00f3n y que tenemos el consentimiento para utilizarlos a fin de poder fidelizar la relaci\u00f3n entre las partes.<\/p>\n<p><strong>PROPIEDAD INTELECTUAL<\/strong><br \/>\nLos derechos de propiedad intelectual e industrial derivados de todos los textos, im\u00e1genes, as\u00ed como de los medios y formas de presentaci\u00f3n y montaje de sus p\u00e1ginas pertenecen, por s\u00ed o como cesionaria, a ARTAIMMOBILIEN.\u00a0\u00a0Ser\u00e1n, por consiguiente, obras protegidas como propiedad intelectual por el ordenamiento jur\u00eddico espa\u00f1ol, si\u00e9ndoles aplicables tanto la normativa espa\u00f1ola y comunitaria en este campo, como los tratados internacionales relativos a la materia y suscritos por Espa\u00f1a. Todos los derechos reservados. En cumplimiento de la Ley de la Propiedad Intelectual se proh\u00edbe expresamente la reproducci\u00f3n, distribuci\u00f3n, comunicaci\u00f3n p\u00fablica y utilizaci\u00f3n, de la totalidad o parte de los contenidos de sus p\u00e1ginas web sin el consentimiento expreso de ARTAIMMOBILIEN.<\/p>\n<p><strong>ACCIONES LEGALES, LEGISLACI\u00d3N APLICABLE Y JURISDICCI\u00d3N<\/strong><br \/>\nARTAIMMOBILIEN\u00a0\u00a0se reserva asimismo la facultad de presentar las acciones civiles o penales que considere oportunas para la utilizaci\u00f3n indebida de sus p\u00e1ginas web y contenidos o por el incumplimiento de las presentes condiciones. La relaci\u00f3n entre el usuario y el prestador se regir\u00e1 por la normativa vigente y de aplicaci\u00f3n en el territorio espa\u00f1ol. De surgir cualquier controversia, las partes podr\u00e1n someter sus conflictos a arbitraje o acudir a la jurisdicci\u00f3n ordinaria cumpliendo con las normas sobre jurisdicci\u00f3n y competencia al respecto. ARTAIMMOBILIEN , tiene su domicilio en ARTA.<\/p>\n","protected":false},"excerpt":{"rendered":"<p>Artaimmobilien Gestions Esmetro S.L. C\/ Ciutat, 44 &#8211; Local n\u00ba 2 07570 Art\u00e0 Illes Balears Persona de contacto: Tel.: +34 971 829 731 &nbsp; Aviso legal CONDICIONES DE USO En cumplimiento de la Ley 34\/2002, de 11 de julio, de servicios de la sociedad de la informaci\u00f3n y de comercio electr\u00f3nico, Esperanza Mercadal Trobat en [&hellip;]<\/p>\n","protected":false},"author":3,"featured_media":0,"parent":0,"menu_order":0,"comment_status":"closed","ping_status":"closed","template":"","meta":{"_acf_changed":false,"footnotes":""},"class_list":["post-19331","page","type-page","status-publish","hentry"],"acf":[],"_links":{"self":[{"href":"https:\/\/arta-immobilien.com\/de\/wp-json\/wp\/v2\/pages\/19331","targetHints":{"allow":["GET"]}}],"collection":[{"href":"https:\/\/arta-immobilien.com\/de\/wp-json\/wp\/v2\/pages"}],"about":[{"href":"https:\/\/arta-immobilien.com\/de\/wp-json\/wp\/v2\/types\/page"}],"author":[{"embeddable":true,"href":"https:\/\/arta-immobilien.com\/de\/wp-json\/wp\/v2\/users\/3"}],"replies":[{"embeddable":true,"href":"https:\/\/arta-immobilien.com\/de\/wp-json\/wp\/v2\/comments?post=19331"}],"version-history":[{"count":10,"href":"https:\/\/arta-immobilien.com\/de\/wp-json\/wp\/v2\/pages\/19331\/revisions"}],"predecessor-version":[{"id":19445,"href":"https:\/\/arta-immobilien.com\/de\/wp-json\/wp\/v2\/pages\/19331\/revisions\/19445"}],"wp:attachment":[{"href":"https:\/\/arta-immobilien.com\/de\/wp-json\/wp\/v2\/media?parent=19331"}],"curies":[{"name":"wp","href":"https:\/\/api.w.org\/{rel}","templated":true}]}}