{"id":2,"date":"2021-06-29T10:45:55","date_gmt":"2021-06-29T10:45:55","guid":{"rendered":"https:\/\/arta-immobilien.com\/?page_id=2"},"modified":"2023-01-24T11:06:45","modified_gmt":"2023-01-24T11:06:45","slug":"pagina-ejemplo","status":"publish","type":"page","link":"https:\/\/arta-immobilien.com\/de\/pagina-ejemplo\/","title":{"rendered":"\u00dcber uns"},"content":{"rendered":"<p><strong>Artaimmobilien ist ein einheimisches mallorquinisches Familienunternehmen das sich aus mallorquinischen und deutschen Fachleuten zusammen setzt.<\/strong><\/p>\n<p>In userer Hauptregion, dem Nordosten von Mallorca, bieten wir Ihnen Immobilien in allen Preiskategorien und Sorten zur Langzeitmiete und zum Kauf an.<\/p>\n<p>Durch genaue Kenntnisse der \u00f6rtlichen Infrastruktur, langj\u00e4hrige Erfahrung mit mallorquinischen Beh\u00f6rden und eigener Gutachtert\u00e4tigkeit k\u00f6nnen wir Sie als kompetenter Partner bei Suche, Kauf, Verkauf, Neubau und Sanierung von Immobilien kompetent beraten und Beh\u00f6rdeng\u00e4nge f\u00fcr sie erledigen.<\/p>\n<p>Oben in der Navigationsleiste finden sie, unter der Sektion Ferienvermietung, eine gro\u00dfe Auswahl an rustikalen Fincas, exklusiven Fincas, hochwertigen Ferienh\u00e4usern und weiteren g\u00fcnstigen Angeboten f\u00fcr die sch\u00f6nsten Wochen im Jahr auf Mallorca.<\/p>\n<p>&nbsp;<\/p>\n<p>[ere_advanced_search]<\/p>","protected":false},"excerpt":{"rendered":"<p>Artaimmobilien ist ein einheimisches mallorquinisches Familienunternehmen das sich aus mallorquinischen und deutschen Fachleuten zusammen setzt. In userer Hauptregion, dem Nordosten von Mallorca, bieten wir Ihnen Immobilien in allen Preiskategorien und Sorten zur Langzeitmiete und zum Kauf an. Durch genaue Kenntnisse der \u00f6rtlichen Infrastruktur, langj\u00e4hrige Erfahrung mit mallorquinischen Beh\u00f6rden und eigener Gutachtert\u00e4tigkeit k\u00f6nnen wir Sie als [&hellip;]<\/p>\n","protected":false},"author":3,"featured_media":0,"parent":0,"menu_order":0,"comment_status":"closed","ping_status":"open","template":"","meta":{"_acf_changed":false,"footnotes":""},"class_list":["post-2","page","type-page","status-publish","hentry"],"acf":[],"_links":{"self":[{"href":"https:\/\/arta-immobilien.com\/de\/wp-json\/wp\/v2\/pages\/2","targetHints":{"allow":["GET"]}}],"collection":[{"href":"https:\/\/arta-immobilien.com\/de\/wp-json\/wp\/v2\/pages"}],"about":[{"href":"https:\/\/arta-immobilien.com\/de\/wp-json\/wp\/v2\/types\/page"}],"author":[{"embeddable":true,"href":"https:\/\/arta-immobilien.com\/de\/wp-json\/wp\/v2\/users\/3"}],"replies":[{"embeddable":true,"href":"https:\/\/arta-immobilien.com\/de\/wp-json\/wp\/v2\/comments?post=2"}],"version-history":[{"count":8,"href":"https:\/\/arta-immobilien.com\/de\/wp-json\/wp\/v2\/pages\/2\/revisions"}],"predecessor-version":[{"id":19390,"href":"https:\/\/arta-immobilien.com\/de\/wp-json\/wp\/v2\/pages\/2\/revisions\/19390"}],"wp:attachment":[{"href":"https:\/\/arta-immobilien.com\/de\/wp-json\/wp\/v2\/media?parent=2"}],"curies":[{"name":"wp","href":"https:\/\/api.w.org\/{rel}","templated":true}]}}