{"id":238,"date":"2022-01-24T12:54:21","date_gmt":"2022-01-24T12:54:21","guid":{"rendered":"https:\/\/arta-immobilien.com\/?page_id=238"},"modified":"2022-03-11T11:18:46","modified_gmt":"2022-03-11T11:18:46","slug":"servicos","status":"publish","type":"page","link":"https:\/\/arta-immobilien.com\/de\/servicos\/","title":{"rendered":"Dienstleistungen"},"content":{"rendered":"<p>Nach den Erfahrungen von vielen Jahren k\u00f6nnen wir Ihnen eine breite Auswahl an Serviceleistungen anbieten. Wir bearbeiten jegliche Dukumentation die Ihre Immobilie betreffen und beraten Sie \u00fcber die beste Art ein Haus zu erwerben, zu verkaufen oder es zu vermieten. Mit den Detailinformationen von uns, k\u00f6nnen Sie\u00a0 \u00fcber einen m\u00f6glichen Neubau oder die Restaurierung eines Objektes, \u00fcber die beste Art der Energieversorgung oder auch \u00fcber die Anlage eines Gartens entscheiden. Die sp\u00e4tere Instandhaltung und die Pflege eines Objektes \u00fcnernehmen wir gerne.<\/p>\n<p>Wir versuchen uns immer f\u00fcr den Kunden einzusetzten und das beste Ergebnis aus der Sicht unseres Kundens zu erhalten.<\/p>","protected":false},"excerpt":{"rendered":"<p>Nach den Erfahrungen von vielen Jahren k\u00f6nnen wir Ihnen eine breite Auswahl an Serviceleistungen anbieten. Wir bearbeiten jegliche Dukumentation die Ihre Immobilie betreffen und beraten Sie \u00fcber die beste Art ein Haus zu erwerben, zu verkaufen oder es zu vermieten. Mit den Detailinformationen von uns, k\u00f6nnen Sie\u00a0 \u00fcber einen m\u00f6glichen Neubau oder die Restaurierung eines [&hellip;]<\/p>\n","protected":false},"author":3,"featured_media":0,"parent":0,"menu_order":0,"comment_status":"closed","ping_status":"closed","template":"template\/blog-masonry.php","meta":{"_acf_changed":false,"footnotes":""},"class_list":["post-238","page","type-page","status-publish","hentry"],"acf":[],"_links":{"self":[{"href":"https:\/\/arta-immobilien.com\/de\/wp-json\/wp\/v2\/pages\/238","targetHints":{"allow":["GET"]}}],"collection":[{"href":"https:\/\/arta-immobilien.com\/de\/wp-json\/wp\/v2\/pages"}],"about":[{"href":"https:\/\/arta-immobilien.com\/de\/wp-json\/wp\/v2\/types\/page"}],"author":[{"embeddable":true,"href":"https:\/\/arta-immobilien.com\/de\/wp-json\/wp\/v2\/users\/3"}],"replies":[{"embeddable":true,"href":"https:\/\/arta-immobilien.com\/de\/wp-json\/wp\/v2\/comments?post=238"}],"version-history":[{"count":3,"href":"https:\/\/arta-immobilien.com\/de\/wp-json\/wp\/v2\/pages\/238\/revisions"}],"predecessor-version":[{"id":17881,"href":"https:\/\/arta-immobilien.com\/de\/wp-json\/wp\/v2\/pages\/238\/revisions\/17881"}],"wp:attachment":[{"href":"https:\/\/arta-immobilien.com\/de\/wp-json\/wp\/v2\/media?parent=238"}],"curies":[{"name":"wp","href":"https:\/\/api.w.org\/{rel}","templated":true}]}}